{"id":610,"date":"2020-08-07T00:37:47","date_gmt":"2020-08-06T22:37:47","guid":{"rendered":"https:\/\/inmg.fr\/?page_id=610"},"modified":"2022-05-26T08:19:21","modified_gmt":"2022-05-26T06:19:21","slug":"contact","status":"publish","type":"page","link":"https:\/\/inmg.fr\/en\/contact\/","title":{"rendered":"Contact"},"content":{"rendered":"<p>[et_pb_section fb_built=&#8221;1&#8243; admin_label=&#8221;section&#8221; _builder_version=&#8221;4.16&#8243; global_colors_info=&#8221;{}&#8221;][et_pb_row _builder_version=&#8221;4.17.0&#8243; _module_preset=&#8221;default&#8221; global_colors_info=&#8221;{}&#8221;][et_pb_column type=&#8221;4_4&#8243; _builder_version=&#8221;4.17.0&#8243; _module_preset=&#8221;default&#8221; global_colors_info=&#8221;{}&#8221;][et_pb_text admin_label=&#8221;H1 Contact&#8221; _builder_version=&#8221;4.17.0&#8243; _module_preset=&#8221;default&#8221; global_colors_info=&#8221;{}&#8221;]<\/p>\n<h1 style=\"text-align: center;\">Contact<\/h1>\n<p>[\/et_pb_text][et_pb_contact_form email=&#8221;contact@inmg.fr&#8221; custom_message=&#8221;Mail from site inmg.fr\/en\/contact\/||et_pb_line_break_holder||Nom : %%nom%%||et_pb_line_break_holder||T\u00e9l\u00e9phone : %%telephone%%||et_pb_line_break_holder||Soci\u00e9t\u00e9 : %%societe%%||et_pb_line_break_holder||Email : %%email%%||et_pb_line_break_holder||Message :||et_pb_line_break_holder||%%message%%&#8221; success_message=&#8221;Thank you for this message, we will process it as soon as possible.&#8221; _builder_version=&#8221;4.17.0&#8243; _module_preset=&#8221;default&#8221; _unique_id=&#8221;fdc4a4b6-0bfe-4539-b708-e619b7380a3b&#8221; form_field_background_color=&#8221;#dddddd&#8221; form_field_text_color=&#8221;#000000&#8243; custom_button=&#8221;on&#8221; button_text_color=&#8221;#FFFFFF&#8221; button_bg_color=&#8221;#999999&#8243; custom_padding=&#8221;|15vw||15vw|false|true&#8221; hover_enabled=&#8221;0&#8243; global_colors_info=&#8221;{}&#8221; sticky_enabled=&#8221;0&#8243; submit_button_text=&#8221;Send&#8221;][et_pb_contact_field field_id=&#8221;nom&#8221; field_title=&#8221;Name&#8221; _builder_version=&#8221;4.17.0&#8243; hover_enabled=&#8221;0&#8243; global_colors_info=&#8221;{}&#8221; button_text_size__hover_enabled=&#8221;off&#8221; button_one_text_size__hover_enabled=&#8221;off&#8221; button_two_text_size__hover_enabled=&#8221;off&#8221; button_text_color__hover_enabled=&#8221;off&#8221; button_one_text_color__hover_enabled=&#8221;off&#8221; button_two_text_color__hover_enabled=&#8221;off&#8221; button_border_width__hover_enabled=&#8221;off&#8221; button_one_border_width__hover_enabled=&#8221;off&#8221; button_two_border_width__hover_enabled=&#8221;off&#8221; button_border_color__hover_enabled=&#8221;off&#8221; button_one_border_color__hover_enabled=&#8221;off&#8221; button_two_border_color__hover_enabled=&#8221;off&#8221; button_border_radius__hover_enabled=&#8221;off&#8221; button_one_border_radius__hover_enabled=&#8221;off&#8221; button_two_border_radius__hover_enabled=&#8221;off&#8221; button_letter_spacing__hover_enabled=&#8221;off&#8221; button_one_letter_spacing__hover_enabled=&#8221;off&#8221; button_two_letter_spacing__hover_enabled=&#8221;off&#8221; button_bg_color__hover_enabled=&#8221;off&#8221; button_one_bg_color__hover_enabled=&#8221;off&#8221; button_two_bg_color__hover_enabled=&#8221;off&#8221; sticky_enabled=&#8221;0&#8243;][\/et_pb_contact_field][et_pb_contact_field field_id=&#8221;telephone&#8221; field_title=&#8221;Phone (numbers only)&#8221; allowed_symbols=&#8221;numbers&#8221; _builder_version=&#8221;4.17.0&#8243; _module_preset=&#8221;default&#8221; hover_enabled=&#8221;0&#8243; global_colors_info=&#8221;{}&#8221; sticky_enabled=&#8221;0&#8243;][\/et_pb_contact_field][et_pb_contact_field field_id=&#8221;societe&#8221; field_title=&#8221;Soci\u00e9t\u00e9&#8221; required_mark=&#8221;off&#8221; _builder_version=&#8221;4.17.0&#8243; global_colors_info=&#8221;{}&#8221; button_text_size__hover_enabled=&#8221;off&#8221; button_one_text_size__hover_enabled=&#8221;off&#8221; button_two_text_size__hover_enabled=&#8221;off&#8221; button_text_color__hover_enabled=&#8221;off&#8221; button_one_text_color__hover_enabled=&#8221;off&#8221; button_two_text_color__hover_enabled=&#8221;off&#8221; button_border_width__hover_enabled=&#8221;off&#8221; button_one_border_width__hover_enabled=&#8221;off&#8221; button_two_border_width__hover_enabled=&#8221;off&#8221; button_border_color__hover_enabled=&#8221;off&#8221; button_one_border_color__hover_enabled=&#8221;off&#8221; button_two_border_color__hover_enabled=&#8221;off&#8221; button_border_radius__hover_enabled=&#8221;off&#8221; button_one_border_radius__hover_enabled=&#8221;off&#8221; button_two_border_radius__hover_enabled=&#8221;off&#8221; button_letter_spacing__hover_enabled=&#8221;off&#8221; button_one_letter_spacing__hover_enabled=&#8221;off&#8221; button_two_letter_spacing__hover_enabled=&#8221;off&#8221; button_bg_color__hover_enabled=&#8221;off&#8221; button_one_bg_color__hover_enabled=&#8221;off&#8221; button_two_bg_color__hover_enabled=&#8221;off&#8221;][\/et_pb_contact_field][et_pb_contact_field field_id=&#8221;email&#8221; field_title=&#8221;E-mail address&#8221; field_type=&#8221;email&#8221; _builder_version=&#8221;4.17.0&#8243; hover_enabled=&#8221;0&#8243; global_colors_info=&#8221;{}&#8221; button_text_size__hover_enabled=&#8221;off&#8221; button_one_text_size__hover_enabled=&#8221;off&#8221; button_two_text_size__hover_enabled=&#8221;off&#8221; button_text_color__hover_enabled=&#8221;off&#8221; button_one_text_color__hover_enabled=&#8221;off&#8221; button_two_text_color__hover_enabled=&#8221;off&#8221; button_border_width__hover_enabled=&#8221;off&#8221; button_one_border_width__hover_enabled=&#8221;off&#8221; button_two_border_width__hover_enabled=&#8221;off&#8221; button_border_color__hover_enabled=&#8221;off&#8221; button_one_border_color__hover_enabled=&#8221;off&#8221; button_two_border_color__hover_enabled=&#8221;off&#8221; button_border_radius__hover_enabled=&#8221;off&#8221; button_one_border_radius__hover_enabled=&#8221;off&#8221; button_two_border_radius__hover_enabled=&#8221;off&#8221; button_letter_spacing__hover_enabled=&#8221;off&#8221; button_one_letter_spacing__hover_enabled=&#8221;off&#8221; button_two_letter_spacing__hover_enabled=&#8221;off&#8221; button_bg_color__hover_enabled=&#8221;off&#8221; button_one_bg_color__hover_enabled=&#8221;off&#8221; button_two_bg_color__hover_enabled=&#8221;off&#8221; sticky_enabled=&#8221;0&#8243;][\/et_pb_contact_field][et_pb_contact_field field_id=&#8221;message&#8221; field_title=&#8221;Message&#8221; field_type=&#8221;text&#8221; fullwidth_field=&#8221;on&#8221; _builder_version=&#8221;4.17.0&#8243; hover_enabled=&#8221;0&#8243; global_colors_info=&#8221;{}&#8221; button_text_size__hover_enabled=&#8221;off&#8221; button_one_text_size__hover_enabled=&#8221;off&#8221; button_two_text_size__hover_enabled=&#8221;off&#8221; button_text_color__hover_enabled=&#8221;off&#8221; button_one_text_color__hover_enabled=&#8221;off&#8221; button_two_text_color__hover_enabled=&#8221;off&#8221; button_border_width__hover_enabled=&#8221;off&#8221; button_one_border_width__hover_enabled=&#8221;off&#8221; button_two_border_width__hover_enabled=&#8221;off&#8221; button_border_color__hover_enabled=&#8221;off&#8221; button_one_border_color__hover_enabled=&#8221;off&#8221; button_two_border_color__hover_enabled=&#8221;off&#8221; button_border_radius__hover_enabled=&#8221;off&#8221; button_one_border_radius__hover_enabled=&#8221;off&#8221; button_two_border_radius__hover_enabled=&#8221;off&#8221; button_letter_spacing__hover_enabled=&#8221;off&#8221; button_one_letter_spacing__hover_enabled=&#8221;off&#8221; button_two_letter_spacing__hover_enabled=&#8221;off&#8221; button_bg_color__hover_enabled=&#8221;off&#8221; button_one_bg_color__hover_enabled=&#8221;off&#8221; button_two_bg_color__hover_enabled=&#8221;off&#8221; sticky_enabled=&#8221;0&#8243;][\/et_pb_contact_field][\/et_pb_contact_form][\/et_pb_column][\/et_pb_row][\/et_pb_section]<\/p>\n","protected":false},"excerpt":{"rendered":"<p>Contact<\/p>\n","protected":false},"author":1,"featured_media":0,"parent":0,"menu_order":90,"comment_status":"closed","ping_status":"closed","template":"","meta":{"_et_pb_use_builder":"on","_et_pb_old_content":"<p>[et_pb_section fb_built=\"1\" admin_label=\"section\" _builder_version=\"4.16\" global_colors_info=\"{}\"][et_pb_row _builder_version=\"4.17.0\" _module_preset=\"default\" global_colors_info=\"{}\"][et_pb_column type=\"4_4\" _builder_version=\"4.17.0\" _module_preset=\"default\" global_colors_info=\"{}\"][et_pb_text admin_label=\"H1 Contact\" _builder_version=\"4.17.0\" _module_preset=\"default\" hover_enabled=\"0\" global_colors_info=\"{}\" sticky_enabled=\"0\"]<\/p><h1 style=\"text-align: center;\">Contact<\/h1><p>[\/et_pb_text][et_pb_contact_form email=\"contact@inmg.fr\" custom_message=\"Mail depuis le site inmg.fr||et_pb_line_break_holder||Nom : %%nom%%||et_pb_line_break_holder||T\u00e9l\u00e9phone : %%telephone%%||et_pb_line_break_holder||Soci\u00e9t\u00e9 : %%societe%%||et_pb_line_break_holder||Email : %%email%%||et_pb_line_break_holder||Message :||et_pb_line_break_holder||%%message%%\" success_message=\"Merci pour ce message, nous allons le traiter le plus rapidement possible.\" _builder_version=\"4.17.0\" _module_preset=\"default\" _unique_id=\"fdc4a4b6-0bfe-4539-b708-e619b7380a3b\" form_field_background_color=\"#dddddd\" form_field_text_color=\"#000000\" custom_button=\"on\" button_text_color=\"#FFFFFF\" button_bg_color=\"#999999\" custom_padding=\"|15vw||15vw|false|true\" global_colors_info=\"{}\"][et_pb_contact_field field_id=\"nom\" field_title=\"Nom\" _builder_version=\"4.17.0\" global_colors_info=\"{}\" button_text_size__hover_enabled=\"off\" button_one_text_size__hover_enabled=\"off\" button_two_text_size__hover_enabled=\"off\" button_text_color__hover_enabled=\"off\" button_one_text_color__hover_enabled=\"off\" button_two_text_color__hover_enabled=\"off\" button_border_width__hover_enabled=\"off\" button_one_border_width__hover_enabled=\"off\" button_two_border_width__hover_enabled=\"off\" button_border_color__hover_enabled=\"off\" button_one_border_color__hover_enabled=\"off\" button_two_border_color__hover_enabled=\"off\" button_border_radius__hover_enabled=\"off\" button_one_border_radius__hover_enabled=\"off\" button_two_border_radius__hover_enabled=\"off\" button_letter_spacing__hover_enabled=\"off\" button_one_letter_spacing__hover_enabled=\"off\" button_two_letter_spacing__hover_enabled=\"off\" button_bg_color__hover_enabled=\"off\" button_one_bg_color__hover_enabled=\"off\" button_two_bg_color__hover_enabled=\"off\"][\/et_pb_contact_field][et_pb_contact_field field_id=\"telephone\" field_title=\"T\u00e9l\u00e9phone (chiffres uniquement)\" allowed_symbols=\"numbers\" _builder_version=\"4.17.0\" _module_preset=\"default\" global_colors_info=\"{}\"][\/et_pb_contact_field][et_pb_contact_field field_id=\"societe\" field_title=\"Soci\u00e9t\u00e9\" required_mark=\"off\" _builder_version=\"4.17.0\" global_colors_info=\"{}\" button_text_size__hover_enabled=\"off\" button_one_text_size__hover_enabled=\"off\" button_two_text_size__hover_enabled=\"off\" button_text_color__hover_enabled=\"off\" button_one_text_color__hover_enabled=\"off\" button_two_text_color__hover_enabled=\"off\" button_border_width__hover_enabled=\"off\" button_one_border_width__hover_enabled=\"off\" button_two_border_width__hover_enabled=\"off\" button_border_color__hover_enabled=\"off\" button_one_border_color__hover_enabled=\"off\" button_two_border_color__hover_enabled=\"off\" button_border_radius__hover_enabled=\"off\" button_one_border_radius__hover_enabled=\"off\" button_two_border_radius__hover_enabled=\"off\" button_letter_spacing__hover_enabled=\"off\" button_one_letter_spacing__hover_enabled=\"off\" button_two_letter_spacing__hover_enabled=\"off\" button_bg_color__hover_enabled=\"off\" button_one_bg_color__hover_enabled=\"off\" button_two_bg_color__hover_enabled=\"off\"][\/et_pb_contact_field][et_pb_contact_field field_id=\"email\" field_title=\"Adresse e-mail\" field_type=\"email\" _builder_version=\"4.17.0\" global_colors_info=\"{}\" button_text_size__hover_enabled=\"off\" button_one_text_size__hover_enabled=\"off\" button_two_text_size__hover_enabled=\"off\" button_text_color__hover_enabled=\"off\" button_one_text_color__hover_enabled=\"off\" button_two_text_color__hover_enabled=\"off\" button_border_width__hover_enabled=\"off\" button_one_border_width__hover_enabled=\"off\" button_two_border_width__hover_enabled=\"off\" button_border_color__hover_enabled=\"off\" button_one_border_color__hover_enabled=\"off\" button_two_border_color__hover_enabled=\"off\" button_border_radius__hover_enabled=\"off\" button_one_border_radius__hover_enabled=\"off\" button_two_border_radius__hover_enabled=\"off\" button_letter_spacing__hover_enabled=\"off\" button_one_letter_spacing__hover_enabled=\"off\" button_two_letter_spacing__hover_enabled=\"off\" button_bg_color__hover_enabled=\"off\" button_one_bg_color__hover_enabled=\"off\" button_two_bg_color__hover_enabled=\"off\"][\/et_pb_contact_field][et_pb_contact_field field_id=\"message\" field_title=\"Message\" field_type=\"text\" fullwidth_field=\"on\" _builder_version=\"4.17.0\" global_colors_info=\"{}\" button_text_size__hover_enabled=\"off\" button_one_text_size__hover_enabled=\"off\" button_two_text_size__hover_enabled=\"off\" button_text_color__hover_enabled=\"off\" button_one_text_color__hover_enabled=\"off\" button_two_text_color__hover_enabled=\"off\" button_border_width__hover_enabled=\"off\" button_one_border_width__hover_enabled=\"off\" button_two_border_width__hover_enabled=\"off\" button_border_color__hover_enabled=\"off\" button_one_border_color__hover_enabled=\"off\" button_two_border_color__hover_enabled=\"off\" button_border_radius__hover_enabled=\"off\" button_one_border_radius__hover_enabled=\"off\" button_two_border_radius__hover_enabled=\"off\" button_letter_spacing__hover_enabled=\"off\" button_one_letter_spacing__hover_enabled=\"off\" button_two_letter_spacing__hover_enabled=\"off\" button_bg_color__hover_enabled=\"off\" button_one_bg_color__hover_enabled=\"off\" button_two_bg_color__hover_enabled=\"off\"][\/et_pb_contact_field][\/et_pb_contact_form][\/et_pb_column][\/et_pb_row][et_pb_row column_structure=\"2_3,1_3\" custom_padding_last_edited=\"on|desktop\" disabled_on=\"on|on|on\" _builder_version=\"4.16\" custom_padding=\"100px|40px|100px|40px|true|true\" custom_padding_tablet=\"\" custom_padding_phone=\"40px||40px||true\" box_shadow_style=\"preset3\" box_shadow_vertical=\"40px\" box_shadow_blur=\"80px\" box_shadow_color=\"rgba(131,146,167,0.15)\" disabled=\"on\" locked=\"off\" global_colors_info=\"{}\"][et_pb_column type=\"2_3\" _builder_version=\"4.16\" custom_padding=\"|||\" global_colors_info=\"{}\" custom_padding__hover=\"|||\"][et_pb_signup mailchimp_list=\"elegantthemestest|1ea2bbd026\" layout=\"top_bottom\" first_name_field=\"off\" last_name_field=\"off\" button_text=\"S'abonner \u00e0 la newsletter\" disabled_on=\"on|on|on\" _builder_version=\"4.17.0\" form_field_background_color=\"rgba(36,46,66,0.05)\" form_field_font=\"||||||||\" use_background_color=\"off\" custom_button=\"on\" button_text_size=\"14px\" button_bg_color=\"#999999\" button_border_width=\"0px\" button_border_color=\"rgba(0,0,0,0)\" button_border_radius=\"0px\" button_letter_spacing=\"4px\" button_font=\"Lato|700||on|||||\" button_icon=\"$||divi||400\" button_custom_padding=\"15px||15px||true\" max_width_tablet=\"500px\" max_width_phone=\"300px\" max_width_last_edited=\"off|phone\" module_alignment=\"center\" custom_margin=\"-20px||\" custom_padding=\"0px|||||\" border_radii_fields=\"on|0px|0px|0px|0px\" disabled=\"on\" global_colors_info=\"{}\"][\/et_pb_signup][\/et_pb_column][et_pb_column type=\"1_3\" _builder_version=\"4.16\" global_colors_info=\"{}\" custom_padding__hover=\"|||\"][et_pb_text admin_label=\"Texte Suivez nous\" _builder_version=\"4.16\" text_font=\"||||||||\" header_font=\"||||||||\" header_4_font=\"Fjalla One||||||||\" header_4_font_size=\"20px\" header_4_letter_spacing=\"7px\" header_4_line_height=\"1.2em\" header_4_text_align_tablet=\"\" header_4_text_align_phone=\"center\" header_4_text_align_last_edited=\"on|desktop\" global_colors_info=\"{}\" text_text_align_tablet=\"left\" text_text_align_phone=\"left\" text_text_align_last_edited=\"off|desktop\"]<\/p><h4>Suivez nous<\/h4><p>[\/et_pb_text][et_pb_social_media_follow _builder_version=\"4.16\" width_last_edited=\"off|desktop\" custom_margin_last_edited=\"off|desktop\" custom_padding_tablet=\"|||52px\" custom_padding_phone=\"|||40px\" custom_padding_last_edited=\"off|tablet\" filter_invert=\"100%\" filter_opacity=\"27%\" text_orientation_tablet=\"left\" text_orientation_phone=\"center\" text_orientation_last_edited=\"on|desktop\" border_radii=\"on|50px|50px|50px|50px\" border_width_all=\"10px\" border_color_all=\"rgba(0,0,0,0)\" global_colors_info=\"{}\" icon_color__hover=\"#000000\"][et_pb_social_media_follow_network social_network=\"facebook\" _builder_version=\"4.16\" background_color=\"rgba(0,0,0,0)\" global_colors_info=\"{}\" follow_button=\"off\" url_new_window=\"on\"]facebook[\/et_pb_social_media_follow_network][et_pb_social_media_follow_network social_network=\"twitter\" _builder_version=\"4.16\" background_color=\"rgba(0,0,0,0)\" global_colors_info=\"{}\" follow_button=\"off\" url_new_window=\"on\"]twitter[\/et_pb_social_media_follow_network][et_pb_social_media_follow_network social_network=\"instagram\" _builder_version=\"4.16\" background_color=\"rgba(0,0,0,0)\" global_colors_info=\"{}\" follow_button=\"off\" url_new_window=\"on\"]instagram[\/et_pb_social_media_follow_network][et_pb_social_media_follow_network social_network=\"youtube\" _builder_version=\"4.16\" background_color=\"rgba(0,0,0,0)\" global_colors_info=\"{}\" follow_button=\"off\" url_new_window=\"on\"]youtube[\/et_pb_social_media_follow_network][\/et_pb_social_media_follow][\/et_pb_column][\/et_pb_row][\/et_pb_section]<\/p>","_et_gb_content_width":"","footnotes":""},"class_list":["post-610","page","type-page","status-publish","hentry"],"_links":{"self":[{"href":"https:\/\/inmg.fr\/en\/wp-json\/wp\/v2\/pages\/610","targetHints":{"allow":["GET"]}}],"collection":[{"href":"https:\/\/inmg.fr\/en\/wp-json\/wp\/v2\/pages"}],"about":[{"href":"https:\/\/inmg.fr\/en\/wp-json\/wp\/v2\/types\/page"}],"author":[{"embeddable":true,"href":"https:\/\/inmg.fr\/en\/wp-json\/wp\/v2\/users\/1"}],"replies":[{"embeddable":true,"href":"https:\/\/inmg.fr\/en\/wp-json\/wp\/v2\/comments?post=610"}],"version-history":[{"count":0,"href":"https:\/\/inmg.fr\/en\/wp-json\/wp\/v2\/pages\/610\/revisions"}],"wp:attachment":[{"href":"https:\/\/inmg.fr\/en\/wp-json\/wp\/v2\/media?parent=610"}],"curies":[{"name":"wp","href":"https:\/\/api.w.org\/{rel}","templated":true}]}}